{"id":8982,"date":"2024-02-02T18:27:56","date_gmt":"2024-02-02T18:27:56","guid":{"rendered":"https:\/\/allomoncoco.com\/?page_id=8982"},"modified":"2024-05-15T16:45:34","modified_gmt":"2024-05-15T16:45:34","slug":"careers","status":"publish","type":"page","link":"https:\/\/allomoncoco.com\/en\/careers\/","title":{"rendered":"Careers"},"content":{"rendered":"\t\t<div data-elementor-type=\"wp-page\" data-elementor-id=\"8982\" class=\"elementor elementor-8982 elementor-194\" data-elementor-post-type=\"page\">\n\t\t\t\t<div class=\"elementor-element elementor-element-353f3bd e-flex e-con-boxed e-con e-parent\" data-id=\"353f3bd\" data-element_type=\"container\" data-e-type=\"container\">\n\t\t\t\t\t<div class=\"e-con-inner\">\n\t\t<div class=\"elementor-element elementor-element-72e9b4e e-con-full e-flex e-con e-child\" data-id=\"72e9b4e\" data-element_type=\"container\" data-e-type=\"container\" data-settings=\"{&quot;background_background&quot;:&quot;classic&quot;}\">\n\t\t<div class=\"elementor-element elementor-element-11969cf e-flex e-con-boxed e-con e-child\" data-id=\"11969cf\" data-element_type=\"container\" data-e-type=\"container\">\n\t\t\t\t\t<div class=\"e-con-inner\">\n\t\t\t\t<div class=\"elementor-element elementor-element-759dedd elementor-widget elementor-widget-heading\" data-id=\"759dedd\" data-element_type=\"widget\" data-e-type=\"widget\" data-widget_type=\"heading.default\">\n\t\t\t\t<div class=\"elementor-widget-container\">\n\t\t\t\t\t<h2 class=\"elementor-heading-title elementor-size-default\">Submit your <br> application here<\/h2>\t\t\t\t<\/div>\n\t\t\t\t<\/div>\n\t\t\t\t<div class=\"elementor-element elementor-element-491f425 elementor-widget__width-initial elementor-widget elementor-widget-text-editor\" data-id=\"491f425\" data-element_type=\"widget\" data-e-type=\"widget\" data-widget_type=\"text-editor.default\">\n\t\t\t\t<div class=\"elementor-widget-container\">\n\t\t\t\t\t\t\t\t\t<p>If you have a flair for flipping pancakes, brewing the perfect cup of coffee, and making mornings brighter, we want to meet you.<\/p>\t\t\t\t\t\t\t\t<\/div>\n\t\t\t\t<\/div>\n\t\t\t\t\t<\/div>\n\t\t\t\t<\/div>\n\t\t\t\t<\/div>\n\t\t<div class=\"elementor-element elementor-element-71279bd e-con-full elementor-hidden-tablet elementor-hidden-mobile e-flex e-con e-child\" data-id=\"71279bd\" data-element_type=\"container\" data-e-type=\"container\">\n\t\t\t\t<div class=\"elementor-element elementor-element-20d7799 elementor-hidden-tablet elementor-hidden-mobile elementor-widget elementor-widget-shortcode\" data-id=\"20d7799\" data-element_type=\"widget\" data-e-type=\"widget\" data-widget_type=\"shortcode.default\">\n\t\t\t\t<div class=\"elementor-widget-container\">\n\t\t\t\t\t\t\t<div class=\"elementor-shortcode\"><iframe\n  id=\"JotFormIFrame-240324579399266\"\n  title=\"Allo mon Coco Employment\"\n  onload=\"window.parent.scrollTo(0,0)\"\n  allowtransparency=\"true\"\n  data-src=\"https:\/\/form.jotform.com\/240324579399266\"\n  frameborder=\"0\"\n  style=\"width:100%; height:1600px; border:none; padding: 0 0px !important;\"\n  scrolling=\"no\"\n src=\"data:image\/svg+xml;base64,PHN2ZyB3aWR0aD0iMSIgaGVpZ2h0PSIxIiB4bWxucz0iaHR0cDovL3d3dy53My5vcmcvMjAwMC9zdmciPjwvc3ZnPg==\" class=\"lazyload\" data-load-mode=\"1\">\n<\/iframe><\/div>\n\t\t\t\t\t\t<\/div>\n\t\t\t\t<\/div>\n\t\t\t\t<div class=\"elementor-element elementor-element-2d50372 elementor-hidden-desktop elementor-hidden-laptop elementor-hidden-tablet elementor-hidden-mobile elementor-button-align-stretch elementor-widget elementor-widget-form\" data-id=\"2d50372\" data-element_type=\"widget\" data-e-type=\"widget\" data-settings=\"{&quot;step_next_label&quot;:&quot;Suivant&quot;,&quot;step_previous_label&quot;:&quot;Pr\\u00e9c\\u00e9dent&quot;,&quot;button_width&quot;:&quot;100&quot;,&quot;step_type&quot;:&quot;number_text&quot;,&quot;step_icon_shape&quot;:&quot;circle&quot;}\" data-widget_type=\"form.default\">\n\t\t\t\t<div class=\"elementor-widget-container\">\n\t\t\t\t\t\t\t<form class=\"elementor-form\" method=\"post\" name=\"Nouveau formulaire\" aria-label=\"Nouveau formulaire\">\n\t\t\t<input type=\"hidden\" name=\"post_id\" value=\"8982\"\/>\n\t\t\t<input type=\"hidden\" name=\"form_id\" value=\"2d50372\"\/>\n\t\t\t<input type=\"hidden\" name=\"referer_title\" value=\"Working With Us | How To Apply | All\u00f4 Mon coco\" \/>\n\n\t\t\t\t\t\t\t<input type=\"hidden\" name=\"queried_id\" value=\"8982\"\/>\n\t\t\t\n\t\t\t<div class=\"elementor-form-fields-wrapper elementor-labels-above\">\n\t\t\t\t\t\t\t\t<div class=\"elementor-field-type-text elementor-field-group elementor-column elementor-field-group-name elementor-col-50 elementor-field-required\">\n\t\t\t\t\t\t\t\t\t\t\t\t<label for=\"form-field-name\" class=\"elementor-field-label\">\n\t\t\t\t\t\t\t\tFull name\t\t\t\t\t\t\t<\/label>\n\t\t\t\t\t\t\t\t\t\t\t\t\t\t<input size=\"1\" type=\"text\" name=\"form_fields[name]\" id=\"form-field-name\" class=\"elementor-field elementor-size-sm  elementor-field-textual\" placeholder=\"John Smith\" required=\"required\">\n\t\t\t\t\t\t\t\t\t\t\t<\/div>\n\t\t\t\t\t\t\t\t<div class=\"elementor-field-type-email elementor-field-group elementor-column elementor-field-group-email elementor-col-50 elementor-field-required\">\n\t\t\t\t\t\t\t\t\t\t\t\t<label for=\"form-field-email\" class=\"elementor-field-label\">\n\t\t\t\t\t\t\t\tEmail address\u200b\t\t\t\t\t\t\t<\/label>\n\t\t\t\t\t\t\t\t\t\t\t\t\t\t<input size=\"1\" type=\"email\" name=\"form_fields[email]\" id=\"form-field-email\" class=\"elementor-field elementor-size-sm  elementor-field-textual\" placeholder=\"Johnsmith@gmail.com\" required=\"required\">\n\t\t\t\t\t\t\t\t\t\t\t<\/div>\n\t\t\t\t\t\t\t\t<div class=\"elementor-field-type-text elementor-field-group elementor-column elementor-field-group-field_76f8d6b elementor-col-100\">\n\t\t\t\t\t\t\t\t\t\t\t\t<label for=\"form-field-field_76f8d6b\" class=\"elementor-field-label\">\n\t\t\t\t\t\t\t\tDesired location (if applicable)\u200b\t\t\t\t\t\t\t<\/label>\n\t\t\t\t\t\t\t\t\t\t\t\t\t\t<input size=\"1\" type=\"text\" name=\"form_fields[field_76f8d6b]\" id=\"form-field-field_76f8d6b\" class=\"elementor-field elementor-size-sm  elementor-field-textual\">\n\t\t\t\t\t\t\t\t\t\t\t<\/div>\n\t\t\t\t\t\t\t\t<div class=\"elementor-field-type-date elementor-field-group elementor-column elementor-field-group-field_75e8276 elementor-col-100\">\n\t\t\t\t\t\t\t\t\t\t\t\t<label for=\"form-field-field_75e8276\" class=\"elementor-field-label\">\n\t\t\t\t\t\t\t\tVisit date (if applicable)\t\t\t\t\t\t\t<\/label>\n\t\t\t\t\t\t\n\t\t<input type=\"date\" name=\"form_fields[field_75e8276]\" id=\"form-field-field_75e8276\" class=\"elementor-field elementor-size-sm  elementor-field-textual elementor-date-field\" pattern=\"[0-9]{4}-[0-9]{2}-[0-9]{2}\">\n\t\t\t\t\t\t<\/div>\n\t\t\t\t\t\t\t\t<div class=\"elementor-field-type-textarea elementor-field-group elementor-column elementor-field-group-message elementor-col-100\">\n\t\t\t\t\t\t\t\t\t\t\t\t<label for=\"form-field-message\" class=\"elementor-field-label\">\n\t\t\t\t\t\t\t\tHow can we help you ?\t\t\t\t\t\t\t<\/label>\n\t\t\t\t\t\t<textarea class=\"elementor-field-textual elementor-field  elementor-size-sm\" name=\"form_fields[message]\" id=\"form-field-message\" rows=\"4\" placeholder=\"Message\"><\/textarea>\t\t\t\t<\/div>\n\t\t\t\t\t\t\t\t<div class=\"elementor-field-type-html elementor-field-group elementor-column elementor-field-group-field_700d6c0 elementor-col-100\">\n\t\t\t\t\t<strong style=\"font-size: 16px;\"> Required fields<\/strong><br>\n\nEn remplissant ce formulaire, vous acceptez que vos renseignements personnels soient recueillis et conserv\u00e9s par All\u00f4 mon Coco, ce qui permettra \u00e0 l\u2019\u00e9quipe de gestion de All\u00f4 mon Coco de vous contacter par t\u00e9l\u00e9phone, par message texte et\/ou par courriel.\n\nVous avez le droit d'acc\u00e9der \u00e0 vos renseignements personnels ou de corriger toute inexactitude, le cas \u00e9ch\u00e9ant.\n\nAvant de soumettre votre formulaire, nous vous demandons de lire et d'accepter les termes de la politique de confidentialit\u00e9 de All\u00f4 mon Coco, <a href=\"https:\/\/mtygroup.com\/politique-de-confidentialite\/\" style=\"text-decoration: underline;\">ici<\/a>.\t\t\t\t<\/div>\n\t\t\t\t\t\t\t\t<div class=\"elementor-field-type-acceptance elementor-field-group elementor-column elementor-field-group-field_d5588e3 elementor-col-100 elementor-field-required\">\n\t\t\t\t\t\t\t<div class=\"elementor-field-subgroup\">\n\t\t\t<span class=\"elementor-field-option\">\n\t\t\t\t<input type=\"checkbox\" name=\"form_fields[field_d5588e3]\" id=\"form-field-field_d5588e3\" class=\"elementor-field elementor-size-sm  elementor-acceptance-field\" required=\"required\">\n\t\t\t\t<label for=\"form-field-field_d5588e3\">Oui, j'ai lu et j'accepte les termes de la politique de confidentialit\u00e9 de All\u00f4 mon Coco et j\u2019accepte d\u2019\u00eatre contact\u00e9 par l\u2019\u00e9quipe de gestion de All\u00f4 mon Coco.<\/label>\t\t\t<\/span>\n\t\t<\/div>\n\t\t\t\t\t\t<\/div>\n\t\t\t\t\t\t\t\t<div class=\"elementor-field-type-recaptcha_v3 elementor-field-group elementor-column elementor-field-group-field_0885889 elementor-col-100 recaptcha_v3-bottomleft\">\n\t\t\t\t\t<div class=\"elementor-field\" id=\"form-field-field_0885889\"><\/div>\t\t\t\t<\/div>\n\t\t\t\t\t\t\t\t<div class=\"elementor-field-group elementor-column elementor-field-type-submit elementor-col-100 e-form__buttons\">\n\t\t\t\t\t<button class=\"elementor-button elementor-size-sm\" type=\"submit\" id=\"button\">\n\t\t\t\t\t\t<span class=\"elementor-button-content-wrapper\">\n\t\t\t\t\t\t\t\t\t\t\t\t\t\t\t\t\t\t\t\t\t\t<span class=\"elementor-button-text\">Soumettre<\/span>\n\t\t\t\t\t\t\t\t\t\t\t\t\t<\/span>\n\t\t\t\t\t<\/button>\n\t\t\t\t<\/div>\n\t\t\t<\/div>\n\t\t<\/form>\n\t\t\t\t\t\t<\/div>\n\t\t\t\t<\/div>\n\t\t\t\t<\/div>\n\t\t\t\t\t<\/div>\n\t\t\t\t<\/div>\n\t\t<div class=\"elementor-element elementor-element-6fc4ba7 elementor-hidden-desktop elementor-hidden-laptop e-flex e-con-boxed e-con e-parent\" data-id=\"6fc4ba7\" data-element_type=\"container\" data-e-type=\"container\">\n\t\t\t\t\t<div class=\"e-con-inner\">\n\t\t\t\t<div class=\"elementor-element elementor-element-9ddb6b9 elementor-hidden-desktop elementor-hidden-laptop elementor-widget elementor-widget-shortcode\" data-id=\"9ddb6b9\" data-element_type=\"widget\" data-e-type=\"widget\" data-widget_type=\"shortcode.default\">\n\t\t\t\t<div class=\"elementor-widget-container\">\n\t\t\t\t\t\t\t<div class=\"elementor-shortcode\"><iframe\n  id=\"JotFormIFrame-240324579399266\"\n  title=\"Allo mon Coco Form Career EN\"\n  onload=\"window.parent.scrollTo(0,0)\"\n  allowtransparency=\"true\"\n  data-src=\"https:\/\/form.jotform.com\/240324579399266\"\n frameborder=\"0\"\n  style=\"width:100%; height:2100px; border:none; padding: 0 0px !important;\"\n  scrolling=\"no\"\n src=\"data:image\/svg+xml;base64,PHN2ZyB3aWR0aD0iMSIgaGVpZ2h0PSIxIiB4bWxucz0iaHR0cDovL3d3dy53My5vcmcvMjAwMC9zdmciPjwvc3ZnPg==\" class=\"lazyload\" data-load-mode=\"1\">\n<\/iframe>\n<\/div>\n\t\t\t\t\t\t<\/div>\n\t\t\t\t<\/div>\n\t\t\t\t\t<\/div>\n\t\t\t\t<\/div>\n\t\t\t\t<\/div>\n\t\t","protected":false},"excerpt":{"rendered":"<p>Submit your application here If you have a flair for flipping pancakes, brewing the perfect cup of coffee, and making mornings brighter, we want to meet you.<\/p>\n","protected":false},"author":1,"featured_media":0,"parent":0,"menu_order":0,"comment_status":"closed","ping_status":"closed","template":"","meta":{"footnotes":""},"class_list":["post-8982","page","type-page","status-publish","hentry"],"yoast_head":"<!-- This site is optimized with the Yoast SEO plugin v27.3 - https:\/\/yoast.com\/product\/yoast-seo-wordpress\/ -->\n<title>Working With Us | How To Apply | All\u00f4 Mon coco<\/title>\n<meta name=\"description\" content=\"Come be part of our adventure to revolutionize breakfast! Find a job with a growing team across Quebec.\" \/>\n<meta name=\"robots\" content=\"index, follow, max-snippet:-1, max-image-preview:large, max-video-preview:-1\" \/>\n<link rel=\"canonical\" href=\"https:\/\/allomoncoco.com\/en\/careers\/\" \/>\n<meta property=\"og:locale\" content=\"en_US\" \/>\n<meta property=\"og:type\" content=\"article\" \/>\n<meta property=\"og:title\" content=\"Working With Us | How To Apply | All\u00f4 Mon coco\" \/>\n<meta property=\"og:description\" content=\"Come be part of our adventure to revolutionize breakfast! Find a job with a growing team across Quebec.\" \/>\n<meta property=\"og:url\" content=\"https:\/\/allomoncoco.com\/en\/careers\/\" \/>\n<meta property=\"og:site_name\" content=\"All\u00f4 mon Coco\" \/>\n<meta property=\"article:modified_time\" content=\"2024-05-15T16:45:34+00:00\" \/>\n<meta name=\"twitter:card\" content=\"summary_large_image\" \/>\n<script type=\"application\/ld+json\" class=\"yoast-schema-graph\">{\"@context\":\"https:\\\/\\\/schema.org\",\"@graph\":[{\"@type\":\"WebPage\",\"@id\":\"https:\\\/\\\/allomoncoco.com\\\/en\\\/careers\\\/\",\"url\":\"https:\\\/\\\/allomoncoco.com\\\/en\\\/careers\\\/\",\"name\":\"Working With Us | How To Apply | All\u00f4 Mon coco\",\"isPartOf\":{\"@id\":\"https:\\\/\\\/allomoncoco.com\\\/en\\\/#website\"},\"datePublished\":\"2024-02-02T18:27:56+00:00\",\"dateModified\":\"2024-05-15T16:45:34+00:00\",\"description\":\"Come be part of our adventure to revolutionize breakfast! Find a job with a growing team across Quebec.\",\"breadcrumb\":{\"@id\":\"https:\\\/\\\/allomoncoco.com\\\/en\\\/careers\\\/#breadcrumb\"},\"inLanguage\":\"en-US\",\"potentialAction\":[{\"@type\":\"ReadAction\",\"target\":[\"https:\\\/\\\/allomoncoco.com\\\/en\\\/careers\\\/\"]}]},{\"@type\":\"BreadcrumbList\",\"@id\":\"https:\\\/\\\/allomoncoco.com\\\/en\\\/careers\\\/#breadcrumb\",\"itemListElement\":[{\"@type\":\"ListItem\",\"position\":1,\"name\":\"Accueil\",\"item\":\"https:\\\/\\\/allomoncoco.com\\\/en\\\/\"},{\"@type\":\"ListItem\",\"position\":2,\"name\":\"Careers\"}]},{\"@type\":\"WebSite\",\"@id\":\"https:\\\/\\\/allomoncoco.com\\\/en\\\/#website\",\"url\":\"https:\\\/\\\/allomoncoco.com\\\/en\\\/\",\"name\":\"All\u00f4 mon Coco\",\"description\":\"\",\"potentialAction\":[{\"@type\":\"SearchAction\",\"target\":{\"@type\":\"EntryPoint\",\"urlTemplate\":\"https:\\\/\\\/allomoncoco.com\\\/en\\\/?s={search_term_string}\"},\"query-input\":{\"@type\":\"PropertyValueSpecification\",\"valueRequired\":true,\"valueName\":\"search_term_string\"}}],\"inLanguage\":\"en-US\"}]}<\/script>\n<!-- \/ Yoast SEO plugin. -->","yoast_head_json":{"title":"Working With Us | How To Apply | All\u00f4 Mon coco","description":"Come be part of our adventure to revolutionize breakfast! Find a job with a growing team across Quebec.","robots":{"index":"index","follow":"follow","max-snippet":"max-snippet:-1","max-image-preview":"max-image-preview:large","max-video-preview":"max-video-preview:-1"},"canonical":"https:\/\/allomoncoco.com\/en\/careers\/","og_locale":"en_US","og_type":"article","og_title":"Working With Us | How To Apply | All\u00f4 Mon coco","og_description":"Come be part of our adventure to revolutionize breakfast! Find a job with a growing team across Quebec.","og_url":"https:\/\/allomoncoco.com\/en\/careers\/","og_site_name":"All\u00f4 mon Coco","article_modified_time":"2024-05-15T16:45:34+00:00","twitter_card":"summary_large_image","schema":{"@context":"https:\/\/schema.org","@graph":[{"@type":"WebPage","@id":"https:\/\/allomoncoco.com\/en\/careers\/","url":"https:\/\/allomoncoco.com\/en\/careers\/","name":"Working With Us | How To Apply | All\u00f4 Mon coco","isPartOf":{"@id":"https:\/\/allomoncoco.com\/en\/#website"},"datePublished":"2024-02-02T18:27:56+00:00","dateModified":"2024-05-15T16:45:34+00:00","description":"Come be part of our adventure to revolutionize breakfast! Find a job with a growing team across Quebec.","breadcrumb":{"@id":"https:\/\/allomoncoco.com\/en\/careers\/#breadcrumb"},"inLanguage":"en-US","potentialAction":[{"@type":"ReadAction","target":["https:\/\/allomoncoco.com\/en\/careers\/"]}]},{"@type":"BreadcrumbList","@id":"https:\/\/allomoncoco.com\/en\/careers\/#breadcrumb","itemListElement":[{"@type":"ListItem","position":1,"name":"Accueil","item":"https:\/\/allomoncoco.com\/en\/"},{"@type":"ListItem","position":2,"name":"Careers"}]},{"@type":"WebSite","@id":"https:\/\/allomoncoco.com\/en\/#website","url":"https:\/\/allomoncoco.com\/en\/","name":"All\u00f4 mon Coco","description":"","potentialAction":[{"@type":"SearchAction","target":{"@type":"EntryPoint","urlTemplate":"https:\/\/allomoncoco.com\/en\/?s={search_term_string}"},"query-input":{"@type":"PropertyValueSpecification","valueRequired":true,"valueName":"search_term_string"}}],"inLanguage":"en-US"}]}},"_links":{"self":[{"href":"https:\/\/allomoncoco.com\/en\/wp-json\/wp\/v2\/pages\/8982","targetHints":{"allow":["GET"]}}],"collection":[{"href":"https:\/\/allomoncoco.com\/en\/wp-json\/wp\/v2\/pages"}],"about":[{"href":"https:\/\/allomoncoco.com\/en\/wp-json\/wp\/v2\/types\/page"}],"author":[{"embeddable":true,"href":"https:\/\/allomoncoco.com\/en\/wp-json\/wp\/v2\/users\/1"}],"replies":[{"embeddable":true,"href":"https:\/\/allomoncoco.com\/en\/wp-json\/wp\/v2\/comments?post=8982"}],"version-history":[{"count":0,"href":"https:\/\/allomoncoco.com\/en\/wp-json\/wp\/v2\/pages\/8982\/revisions"}],"wp:attachment":[{"href":"https:\/\/allomoncoco.com\/en\/wp-json\/wp\/v2\/media?parent=8982"}],"curies":[{"name":"wp","href":"https:\/\/api.w.org\/{rel}","templated":true}]}}