{"id":29718,"date":"2025-05-01T13:01:24","date_gmt":"2025-05-01T13:01:24","guid":{"rendered":"https:\/\/allomoncoco.com\/?page_id=29718"},"modified":"2025-05-08T15:03:05","modified_gmt":"2025-05-08T15:03:05","slug":"infolettre","status":"publish","type":"page","link":"https:\/\/allomoncoco.com\/en\/infolettre\/","title":{"rendered":"Newsletter"},"content":{"rendered":"\t\t<div data-elementor-type=\"wp-page\" data-elementor-id=\"29718\" class=\"elementor elementor-29718 elementor-29717\" data-elementor-post-type=\"page\">\n\t\t\t\t<div class=\"elementor-element elementor-element-ac2decb e-flex e-con-boxed e-con e-parent\" data-id=\"ac2decb\" data-element_type=\"container\" data-e-type=\"container\">\n\t\t\t\t\t<div class=\"e-con-inner\">\n\t\t<div class=\"elementor-element elementor-element-1c46b2b e-con-full e-flex e-con e-child\" data-id=\"1c46b2b\" data-element_type=\"container\" data-e-type=\"container\">\n\t\t\t\t<div class=\"elementor-element elementor-element-24fbd5e elementor-widget elementor-widget-shortcode\" data-id=\"24fbd5e\" data-element_type=\"widget\" data-e-type=\"widget\" data-widget_type=\"shortcode.default\">\n\t\t\t\t<div class=\"elementor-widget-container\">\n\t\t\t\t\t\t\t<div class=\"elementor-shortcode\"><script src=\"https:\/\/code.jquery.com\/jquery-3.6.0.min.js\"><\/script>\n<div id=\"mc_embed_shell\">\n  <link href=\"\/\/cdn-images.mailchimp.com\/embedcode\/classic-061523.css\" rel=\"stylesheet\" type=\"text\/css\">\n  <style type=\"text\/css\">\n    #mc_embed_signup {\n      background: #fff;\n      clear: left;\n      font: 14px Helvetica, Arial, sans-serif;\n      width: 600px;\n    }\n\n    \/* Hide Mailchimp's default success\/error responses *\/\n    #mce-success-response, #mce-error-response {\n      display: none !important;\n    }\n\n    \/* Style for custom success\/error messages *\/\n    #custom-success-message, #custom-error-message {\n      display: none;\n      margin-top: 20px;\n      font-size: 15px;\n    }\n    #custom-success-message {\n      color: green;\n      font-size: 25px;\n      text-align:center;\n      font-weight:bold;\n    }\n    #custom-error-message {\n      color: red;\n    }\n\n    \/* Hide the form fields after success *\/\n    .form-fields {\n      display: block;\n    }\n    .hidden {\n      display: none;\n    }\n  <\/style>\n\n  <div id=\"mc_embed_signup\">\n    <form action=\"https:\/\/allomoncoco.us10.list-manage.com\/subscribe\/post-json?u=59a2604dd9d1fe4a53709ab30&id=d80a4eb414&c=?\" method=\"get\" id=\"mc-embedded-subscribe-form\" name=\"mc-embedded-subscribe-form\" class=\"validate\" target=\"_blank\">\n      <div id=\"mc_embed_signup_scroll\">\n        <h2>Subscribe to our newsletter<\/h2>\n        <div class=\"indicates-required\"><span class=\"asterisk\">*<\/span> indicates required<\/div>\n        \n        <!-- Form fields that we will hide after success -->\n        <div class=\"form-fields\">\n          <div class=\"mc-field-group\">\n            <label for=\"mce-FNAME\">Full Name <span class=\"asterisk\">*<\/span><\/label>\n            <input type=\"text\" name=\"FNAME\" class=\"required text\" id=\"mce-FNAME\" value=\"\" required=\"\">\n          <\/div>\n          <div class=\"mc-field-group\">\n            <label for=\"mce-EMAIL\">Email <span class=\"asterisk\">*<\/span><\/label>\n            <input type=\"email\" name=\"EMAIL\" class=\"required email\" id=\"mce-EMAIL\" required=\"\" value=\"\">\n          <\/div>\n          <div class=\"mc-field-group\">\n            <label for=\"mce-VILLE\">City <span class=\"asterisk\">*<\/span><\/label>\n            <input type=\"text\" name=\"VILLE\" class=\"required text\" id=\"mce-VILLE\" value=\"\" required=\"\">\n          <\/div>\n<div class=\"mc-field-group input-group\"><strong>Language choice <\/strong><ul><li><input type=\"radio\" name=\"LANGCHOICE\" id=\"mce-LANGCHOICE0\" value=\"Fran\u00e7ais\" class=\"choices-lang choice-fr\"><label for=\"mce-LANGCHOICE0\">French<\/label><\/li><li><input type=\"radio\" name=\"LANGCHOICE\" id=\"mce-LANGCHOICE1\" value=\"English\" class=\"choices-lang choice-en\"><label for=\"mce-LANGCHOICE1\">English<\/label><\/li><\/ul><\/div>\n          <div class=\"mc-field-group\" style=\"display:none;\">\n          <label for=\"mce-MMERGE2\">Langue <\/label>\n          <input type=\"text\" name=\"MMERGE2\" class=\" text\" id=\"mce-MMERGE2\" value=\"\">\n          <\/div>\n          \n          <!-- Submit button -->\n          <div class=\"clear\">\n            <input type=\"submit\" name=\"subscribe\" id=\"mc-embedded-subscribe\" class=\"button\" value=\"Submit\">\n          <\/div>\n        <\/div>\n\n        <!-- Custom success and error messages -->\n        <div id=\"custom-success-message\">Thank you for subscribing!<\/div>\n        <div id=\"custom-error-message\">There was an error, please try again.<\/div>\n\n        <div id=\"mce-responses\" class=\"clear\">\n          <div class=\"response\" id=\"mce-error-response\" style=\"display:none;\"><\/div>\n          <div class=\"response\" id=\"mce-success-response\" style=\"display:none;\"><\/div>\n        <\/div>\n        <div aria-hidden=\"true\" style=\"position: absolute; left: -5000px;\">\n          <input type=\"text\" name=\"b_59a2604dd9d1fe4a53709ab30_d80a4eb414\" tabindex=\"-1\" value=\"\">\n        <\/div>\n      <\/div>\n    <\/form>\n  <\/div>\n\n  <script type=\"text\/javascript\">\n    jQuery(document).ready(function() {\n      console.log('JavaScript is running');\n\n      \/\/ Function to display custom success or error messages\n      function displayCustomMessage(isSuccess, message) {\n        if (isSuccess) {\n          \/\/ Hide the form fields and submit button, but keep the success message visible\n          jQuery('#mc_embed_signup_scroll >h2').addClass('hidden');\n          jQuery('.indicates-required').addClass('hidden');\n          jQuery('.form-fields').addClass('hidden');\n          jQuery('#custom-success-message').text(message).show();  \/\/ Show success message\n          jQuery('#custom-error-message').hide();\n        } else {\n          jQuery('#custom-error-message').text(message).show();  \/\/ Show error message\n          jQuery('#custom-success-message').hide();\n        }\n      }\n\n      \/\/ Handle form submission with AJAX\n      jQuery('#mc-embedded-subscribe-form').submit(function(event) {\n        event.preventDefault(); \/\/ Prevent normal form submission\n        console.log('Form submission triggered');\n\n        var url = jQuery(this).attr('action');\n        var formData = jQuery(this).serialize();\n\n        \/\/ Send the data to Mailchimp via JSONP\n        jQuery.ajax({\n          type: 'GET',\n          url: url,\n          data: formData,\n          dataType: 'jsonp', \/\/ JSONP for cross-domain request\n          contentType: \"application\/json; charset=utf-8\",\n          success: function(data) {\n            console.log('Response from Mailchimp: ', data);\n\n            if (data.result === 'success') {\n              displayCustomMessage(true, 'Thank you for subscribing!');\n            } else {\n              \/\/ Mailchimp returned an error\n              console.log('Mailchimp error: ', data.msg); \/\/ Log Mailchimp error message\n              displayCustomMessage(false, 'Error: ' + data.msg);\n            }\n          },\n          error: function(jqXHR, textStatus, errorThrown) {\n            console.log('AJAX error: ', textStatus, errorThrown);\n            displayCustomMessage(false, 'There was an error, please try again.');\n          }\n        });\n      });\n    });\n  <\/script>\n<\/div><\/div>\n\t\t\t\t\t\t<\/div>\n\t\t\t\t<\/div>\n\t\t<div class=\"elementor-element elementor-element-9fecf81 e-grid e-con-full e-con e-child\" data-id=\"9fecf81\" data-element_type=\"container\" data-e-type=\"container\">\n\t\t\t\t<div class=\"elementor-element elementor-element-277a7a8 elementor-widget__width-auto elementor-align-center elementor-widget elementor-widget-button\" data-id=\"277a7a8\" data-element_type=\"widget\" data-e-type=\"widget\" data-widget_type=\"button.default\">\n\t\t\t\t<div class=\"elementor-widget-container\">\n\t\t\t\t\t\t\t\t\t<div class=\"elementor-button-wrapper\">\n\t\t\t\t\t<a class=\"elementor-button elementor-button-link elementor-size-sm\" href=\"\/en\/menu\/signature-brunch\/\">\n\t\t\t\t\t\t<span class=\"elementor-button-content-wrapper\">\n\t\t\t\t\t\t\t\t\t<span class=\"elementor-button-text\">See the menus<\/span>\n\t\t\t\t\t<\/span>\n\t\t\t\t\t<\/a>\n\t\t\t\t<\/div>\n\t\t\t\t\t\t\t\t<\/div>\n\t\t\t\t<\/div>\n\t\t\t\t<div class=\"elementor-element elementor-element-7e369f9 elementor-widget__width-auto elementor-align-center elementor-widget elementor-widget-button\" data-id=\"7e369f9\" data-element_type=\"widget\" data-e-type=\"widget\" data-widget_type=\"button.default\">\n\t\t\t\t<div class=\"elementor-widget-container\">\n\t\t\t\t\t\t\t\t\t<div class=\"elementor-button-wrapper\">\n\t\t\t\t\t<a class=\"elementor-button elementor-button-link elementor-size-sm\" href=\"\/en\/find-a-restaurant\/\">\n\t\t\t\t\t\t<span class=\"elementor-button-content-wrapper\">\n\t\t\t\t\t\t\t\t\t<span class=\"elementor-button-text\">Find a restaurant<\/span>\n\t\t\t\t\t<\/span>\n\t\t\t\t\t<\/a>\n\t\t\t\t<\/div>\n\t\t\t\t\t\t\t\t<\/div>\n\t\t\t\t<\/div>\n\t\t\t\t<\/div>\n\t\t\t\t<\/div>\n\t\t<div class=\"elementor-element elementor-element-cd652cf e-con-full e-flex e-con e-child\" data-id=\"cd652cf\" data-element_type=\"container\" data-e-type=\"container\">\n\t\t\t\t<div class=\"elementor-element elementor-element-683847a elementor-widget elementor-widget-global elementor-global-29811 elementor-widget-image-carousel\" data-id=\"683847a\" data-element_type=\"widget\" data-e-type=\"widget\" data-settings=\"{&quot;slides_to_show&quot;:&quot;1&quot;,&quot;navigation&quot;:&quot;none&quot;,&quot;pause_on_hover&quot;:&quot;no&quot;,&quot;pause_on_interaction&quot;:&quot;no&quot;,&quot;autoplay_speed&quot;:2500,&quot;effect&quot;:&quot;fade&quot;,&quot;speed&quot;:1560,&quot;autoplay&quot;:&quot;yes&quot;,&quot;infinite&quot;:&quot;yes&quot;}\" data-widget_type=\"image-carousel.default\">\n\t\t\t\t<div class=\"elementor-widget-container\">\n\t\t\t\t\t\t\t<div class=\"elementor-image-carousel-wrapper swiper\" role=\"region\" aria-roledescription=\"carousel\" aria-label=\"Carrousel d\u2019images\" dir=\"ltr\">\n\t\t\t<div class=\"elementor-image-carousel swiper-wrapper\" aria-live=\"off\">\n\t\t\t\t\t\t\t\t<div class=\"swiper-slide\" role=\"group\" aria-roledescription=\"slide\" aria-label=\"1 of 3\"><figure class=\"swiper-slide-inner\"><img decoding=\"async\" class=\"swiper-slide-image lazyload\" data-src=\"https:\/\/allomoncoco.com\/wp-content\/uploads\/2024\/03\/4.png\" alt=\"D\u00e9licieux d\u00e9jeuner compos\u00e9 d\u2019\u0153ufs au plat, bacon, cr\u00eapes, pain perdu et \u0153ufs b\u00e9n\u00e9dictine sur avocat au restaurant d\u00e9jeuner All\u00f4 mon coco.\" src=\"data:image\/svg+xml;base64,PHN2ZyB3aWR0aD0iMSIgaGVpZ2h0PSIxIiB4bWxucz0iaHR0cDovL3d3dy53My5vcmcvMjAwMC9zdmciPjwvc3ZnPg==\" style=\"--smush-placeholder-width: 491px; --smush-placeholder-aspect-ratio: 491\/563;\" \/><\/figure><\/div><div class=\"swiper-slide\" role=\"group\" aria-roledescription=\"slide\" aria-label=\"2 of 3\"><figure class=\"swiper-slide-inner\"><img decoding=\"async\" class=\"swiper-slide-image lazyload\" data-src=\"https:\/\/allomoncoco.com\/wp-content\/uploads\/2024\/03\/5.png\" alt=\"Gaufres dor\u00e9es garnies de bananes, cr\u00e8me fouett\u00e9e et sauce caramel, servies au restaurant d\u00e9jeuner All\u00f4 mon coco.\" src=\"data:image\/svg+xml;base64,PHN2ZyB3aWR0aD0iMSIgaGVpZ2h0PSIxIiB4bWxucz0iaHR0cDovL3d3dy53My5vcmcvMjAwMC9zdmciPjwvc3ZnPg==\" style=\"--smush-placeholder-width: 491px; --smush-placeholder-aspect-ratio: 491\/563;\" \/><\/figure><\/div><div class=\"swiper-slide\" role=\"group\" aria-roledescription=\"slide\" aria-label=\"3 of 3\"><figure class=\"swiper-slide-inner\"><img decoding=\"async\" class=\"swiper-slide-image lazyload\" data-src=\"https:\/\/allomoncoco.com\/wp-content\/uploads\/2024\/03\/6.png\" alt=\"Toasts \u00e0 l\u2019avocat garnis de roquette et d\u2019\u0153ufs poch\u00e9s avec du balsamique au restaurant d\u00e9jeuner All\u00f4 mon coco.\" src=\"data:image\/svg+xml;base64,PHN2ZyB3aWR0aD0iMSIgaGVpZ2h0PSIxIiB4bWxucz0iaHR0cDovL3d3dy53My5vcmcvMjAwMC9zdmciPjwvc3ZnPg==\" style=\"--smush-placeholder-width: 491px; --smush-placeholder-aspect-ratio: 491\/563;\" \/><\/figure><\/div>\t\t\t<\/div>\n\t\t\t\t\t\t\t\n\t\t\t\t\t\t\t\t\t<\/div>\n\t\t\t\t\t\t<\/div>\n\t\t\t\t<\/div>\n\t\t\t\t<\/div>\n\t\t\t\t\t<\/div>\n\t\t\t\t<\/div>\n\t\t\t\t<\/div>\n\t\t","protected":false},"excerpt":{"rendered":"<p>Subscribe to our newsletter * indicates required Full Name * Email * City * Language choice French English Langue Thank you for subscribing! There was an error, please try again. See the menus Find a restaurant<\/p>\n","protected":false},"author":7,"featured_media":0,"parent":0,"menu_order":0,"comment_status":"closed","ping_status":"closed","template":"","meta":{"footnotes":""},"class_list":["post-29718","page","type-page","status-publish","hentry"],"yoast_head":"<!-- This site is optimized with the Yoast SEO plugin v27.0 - https:\/\/yoast.com\/product\/yoast-seo-wordpress\/ -->\n<title>Notre Histoire | D\u00e9jeuners Originaux Frais | All\u00f4 Mon coco<\/title>\n<meta name=\"description\" content=\"Depuis 2001, All\u00f4 Mon coco s&#039;agrandit \u00e0 travers le Qu\u00e9bec en r\u00e9volutionnant l&#039;art du d\u00e9jeuner modernis\u00e9s avec des plats g\u00e9n\u00e9reux et toujours frais.\" \/>\n<meta name=\"robots\" content=\"index, follow, max-snippet:-1, max-image-preview:large, max-video-preview:-1\" \/>\n<link rel=\"canonical\" href=\"https:\/\/allomoncoco.com\/en\/infolettre\/\" \/>\n<meta property=\"og:locale\" content=\"en_US\" \/>\n<meta property=\"og:type\" content=\"article\" \/>\n<meta property=\"og:title\" content=\"Notre Histoire | D\u00e9jeuners Originaux Frais | All\u00f4 Mon coco\" \/>\n<meta property=\"og:description\" content=\"Depuis 2001, All\u00f4 Mon coco s&#039;agrandit \u00e0 travers le Qu\u00e9bec en r\u00e9volutionnant l&#039;art du d\u00e9jeuner modernis\u00e9s avec des plats g\u00e9n\u00e9reux et toujours frais.\" \/>\n<meta property=\"og:url\" content=\"https:\/\/allomoncoco.com\/en\/infolettre\/\" \/>\n<meta property=\"og:site_name\" content=\"All\u00f4 mon Coco\" \/>\n<meta property=\"article:modified_time\" content=\"2025-05-08T15:03:05+00:00\" \/>\n<meta property=\"og:image\" content=\"https:\/\/allomoncoco.com\/wp-content\/uploads\/2024\/03\/4.png\" \/>\n<meta name=\"twitter:card\" content=\"summary_large_image\" \/>\n<script type=\"application\/ld+json\" class=\"yoast-schema-graph\">{\"@context\":\"https:\/\/schema.org\",\"@graph\":[{\"@type\":\"WebPage\",\"@id\":\"https:\/\/allomoncoco.com\/en\/infolettre\/\",\"url\":\"https:\/\/allomoncoco.com\/en\/infolettre\/\",\"name\":\"Notre Histoire | D\u00e9jeuners Originaux Frais | All\u00f4 Mon coco\",\"isPartOf\":{\"@id\":\"https:\/\/allomoncoco.com\/en\/#website\"},\"primaryImageOfPage\":{\"@id\":\"https:\/\/allomoncoco.com\/en\/infolettre\/#primaryimage\"},\"image\":{\"@id\":\"https:\/\/allomoncoco.com\/en\/infolettre\/#primaryimage\"},\"thumbnailUrl\":\"https:\/\/allomoncoco.com\/wp-content\/uploads\/2024\/03\/4.png\",\"datePublished\":\"2025-05-01T13:01:24+00:00\",\"dateModified\":\"2025-05-08T15:03:05+00:00\",\"description\":\"Depuis 2001, All\u00f4 Mon coco s'agrandit \u00e0 travers le Qu\u00e9bec en r\u00e9volutionnant l'art du d\u00e9jeuner modernis\u00e9s avec des plats g\u00e9n\u00e9reux et toujours frais.\",\"breadcrumb\":{\"@id\":\"https:\/\/allomoncoco.com\/en\/infolettre\/#breadcrumb\"},\"inLanguage\":\"en-US\",\"potentialAction\":[{\"@type\":\"ReadAction\",\"target\":[\"https:\/\/allomoncoco.com\/en\/infolettre\/\"]}]},{\"@type\":\"ImageObject\",\"inLanguage\":\"en-US\",\"@id\":\"https:\/\/allomoncoco.com\/en\/infolettre\/#primaryimage\",\"url\":\"https:\/\/allomoncoco.com\/wp-content\/uploads\/2024\/03\/4.png\",\"contentUrl\":\"https:\/\/allomoncoco.com\/wp-content\/uploads\/2024\/03\/4.png\"},{\"@type\":\"BreadcrumbList\",\"@id\":\"https:\/\/allomoncoco.com\/en\/infolettre\/#breadcrumb\",\"itemListElement\":[{\"@type\":\"ListItem\",\"position\":1,\"name\":\"Accueil\",\"item\":\"https:\/\/allomoncoco.com\/en\/\"},{\"@type\":\"ListItem\",\"position\":2,\"name\":\"Newsletter\"}]},{\"@type\":\"WebSite\",\"@id\":\"https:\/\/allomoncoco.com\/en\/#website\",\"url\":\"https:\/\/allomoncoco.com\/en\/\",\"name\":\"All\u00f4 mon Coco\",\"description\":\"\",\"potentialAction\":[{\"@type\":\"SearchAction\",\"target\":{\"@type\":\"EntryPoint\",\"urlTemplate\":\"https:\/\/allomoncoco.com\/en\/?s={search_term_string}\"},\"query-input\":{\"@type\":\"PropertyValueSpecification\",\"valueRequired\":true,\"valueName\":\"search_term_string\"}}],\"inLanguage\":\"en-US\"}]}<\/script>\n<!-- \/ Yoast SEO plugin. -->","yoast_head_json":{"title":"Notre Histoire | D\u00e9jeuners Originaux Frais | All\u00f4 Mon coco","description":"Depuis 2001, All\u00f4 Mon coco s'agrandit \u00e0 travers le Qu\u00e9bec en r\u00e9volutionnant l'art du d\u00e9jeuner modernis\u00e9s avec des plats g\u00e9n\u00e9reux et toujours frais.","robots":{"index":"index","follow":"follow","max-snippet":"max-snippet:-1","max-image-preview":"max-image-preview:large","max-video-preview":"max-video-preview:-1"},"canonical":"https:\/\/allomoncoco.com\/en\/infolettre\/","og_locale":"en_US","og_type":"article","og_title":"Notre Histoire | D\u00e9jeuners Originaux Frais | All\u00f4 Mon coco","og_description":"Depuis 2001, All\u00f4 Mon coco s'agrandit \u00e0 travers le Qu\u00e9bec en r\u00e9volutionnant l'art du d\u00e9jeuner modernis\u00e9s avec des plats g\u00e9n\u00e9reux et toujours frais.","og_url":"https:\/\/allomoncoco.com\/en\/infolettre\/","og_site_name":"All\u00f4 mon Coco","article_modified_time":"2025-05-08T15:03:05+00:00","og_image":[{"url":"https:\/\/allomoncoco.com\/wp-content\/uploads\/2024\/03\/4.png","type":"","width":"","height":""}],"twitter_card":"summary_large_image","schema":{"@context":"https:\/\/schema.org","@graph":[{"@type":"WebPage","@id":"https:\/\/allomoncoco.com\/en\/infolettre\/","url":"https:\/\/allomoncoco.com\/en\/infolettre\/","name":"Notre Histoire | D\u00e9jeuners Originaux Frais | All\u00f4 Mon coco","isPartOf":{"@id":"https:\/\/allomoncoco.com\/en\/#website"},"primaryImageOfPage":{"@id":"https:\/\/allomoncoco.com\/en\/infolettre\/#primaryimage"},"image":{"@id":"https:\/\/allomoncoco.com\/en\/infolettre\/#primaryimage"},"thumbnailUrl":"https:\/\/allomoncoco.com\/wp-content\/uploads\/2024\/03\/4.png","datePublished":"2025-05-01T13:01:24+00:00","dateModified":"2025-05-08T15:03:05+00:00","description":"Depuis 2001, All\u00f4 Mon coco s'agrandit \u00e0 travers le Qu\u00e9bec en r\u00e9volutionnant l'art du d\u00e9jeuner modernis\u00e9s avec des plats g\u00e9n\u00e9reux et toujours frais.","breadcrumb":{"@id":"https:\/\/allomoncoco.com\/en\/infolettre\/#breadcrumb"},"inLanguage":"en-US","potentialAction":[{"@type":"ReadAction","target":["https:\/\/allomoncoco.com\/en\/infolettre\/"]}]},{"@type":"ImageObject","inLanguage":"en-US","@id":"https:\/\/allomoncoco.com\/en\/infolettre\/#primaryimage","url":"https:\/\/allomoncoco.com\/wp-content\/uploads\/2024\/03\/4.png","contentUrl":"https:\/\/allomoncoco.com\/wp-content\/uploads\/2024\/03\/4.png"},{"@type":"BreadcrumbList","@id":"https:\/\/allomoncoco.com\/en\/infolettre\/#breadcrumb","itemListElement":[{"@type":"ListItem","position":1,"name":"Accueil","item":"https:\/\/allomoncoco.com\/en\/"},{"@type":"ListItem","position":2,"name":"Newsletter"}]},{"@type":"WebSite","@id":"https:\/\/allomoncoco.com\/en\/#website","url":"https:\/\/allomoncoco.com\/en\/","name":"All\u00f4 mon Coco","description":"","potentialAction":[{"@type":"SearchAction","target":{"@type":"EntryPoint","urlTemplate":"https:\/\/allomoncoco.com\/en\/?s={search_term_string}"},"query-input":{"@type":"PropertyValueSpecification","valueRequired":true,"valueName":"search_term_string"}}],"inLanguage":"en-US"}]}},"_links":{"self":[{"href":"https:\/\/allomoncoco.com\/en\/wp-json\/wp\/v2\/pages\/29718","targetHints":{"allow":["GET"]}}],"collection":[{"href":"https:\/\/allomoncoco.com\/en\/wp-json\/wp\/v2\/pages"}],"about":[{"href":"https:\/\/allomoncoco.com\/en\/wp-json\/wp\/v2\/types\/page"}],"author":[{"embeddable":true,"href":"https:\/\/allomoncoco.com\/en\/wp-json\/wp\/v2\/users\/7"}],"replies":[{"embeddable":true,"href":"https:\/\/allomoncoco.com\/en\/wp-json\/wp\/v2\/comments?post=29718"}],"version-history":[{"count":0,"href":"https:\/\/allomoncoco.com\/en\/wp-json\/wp\/v2\/pages\/29718\/revisions"}],"wp:attachment":[{"href":"https:\/\/allomoncoco.com\/en\/wp-json\/wp\/v2\/media?parent=29718"}],"curies":[{"name":"wp","href":"https:\/\/api.w.org\/{rel}","templated":true}]}}